{"id":1488,"date":"2022-03-04T03:42:59","date_gmt":"2022-03-04T03:42:59","guid":{"rendered":"https:\/\/ditetroncorporation.com\/index.php\/home\/"},"modified":"2022-09-12T13:48:20","modified_gmt":"2022-09-12T13:48:20","slug":"home","status":"publish","type":"page","link":"https:\/\/ditetroncorporation.com\/","title":{"rendered":"Accueil"},"content":{"rendered":"\n<div class=\"wp-block-uagb-container uagb-block-5e3a55db alignfull uagb-is-root-container\"><div class=\"uagb-container-inner-blocks-wrap\">\n<div class=\"wp-block-uagb-container uagb-block-9af1a5e3\">\n<div class=\"wp-block-uagb-info-box uagb-block-86e1cc86 uagb-infobox__content-wrap  uagb-infobox-icon-above-title uagb-infobox-image-valign-top\"><div class=\"uagb-ifb-content\"><div class=\"uagb-ifb-title-wrap\"><span class=\"uagb-ifb-title-prefix\">DITETRON CORPORATION<\/span><h1 class=\"uagb-ifb-title\">Conseil et Commerce g\u00e9n\u00e9ral<\/h1><\/div><p class=\"uagb-ifb-desc\"><strong>Construire et b\u00e2tir pour un avenir meilleur<\/strong>.<br><strong>Nous avons comme mission principale de proposer les\u200b meilleures solutions pour nos clients. Car le client est au c\u0153ur de notre m\u00e9tier.<\/strong><\/p><div class=\"uagb-ifb-button-wrapper wp-block-button\"><a href=\"https:\/\/ditetroncorporation.com\/index.php\/services\/\" class=\"uagb-infobox-cta-link wp-block-button__link\" target=\"_self\" rel=\"noopener noreferrer\" alt=\"\"><span class=\"uagb-inline-editing\">en savoir plus<\/span><\/a><\/div><\/div><\/div>\n<\/div>\n\n\n\n<div class=\"wp-block-uagb-container uagb-block-4c6a5bef\"><\/div>\n<\/div><\/div>\n\n\n\n<div class=\"wp-block-uagb-container uagb-block-c06a6442 alignfull uagb-is-root-container\"><div class=\"uagb-container-inner-blocks-wrap\">\n<div class=\"wp-block-uagb-advanced-heading uagb-block-52b7d401\"><h2 class=\"uagb-heading-text\">Nos valeurs<\/h2><p class=\"uagb-desc-text\">Nous sommes\u200b passionn\u00e9s, \u200b ouverts au changement et\u200b innovants. \u200b<br>Nous travaillons ensemble, \u200b nous nous comportons de mani\u00e8re respectueuse et transparente. \u200b<br>Nous agissons \u200bde mani\u00e8re responsable, \u200bcibl\u00e9e et \u200befficace.<br>Nous vous offrons :<\/p><\/div>\n\n\n\n<div class=\"wp-block-uagb-container uagb-block-abb96a3c\">\n<div class=\"wp-block-uagb-container uagb-block-218ca83c\">\n<div class=\"wp-block-uagb-info-box uagb-block-83a00c78 uagb-infobox__content-wrap  uagb-infobox-icon-above-title uagb-infobox-image-valign-top\"><div class=\"uagb-ifb-content\"><div class=\"uagb-ifb-icon-wrap\"><svg xmlns=\"https:\/\/www.w3.org\/2000\/svg\" viewBox=\"0 0 640 512\"><path d=\"M167.1 24V142.1L191 119C200.4 109.7 215.6 109.7 224.1 119C234.3 128.4 234.3 143.6 224.1 152.1L160.1 216.1C151.6 226.3 136.4 226.3 127 216.1L63.03 152.1C53.65 143.6 53.65 128.4 63.03 119C72.4 109.7 87.6 109.7 96.97 119L119.1 142.1V24C119.1 10.75 130.7 0 143.1 0C157.3 0 167.1 10.75 167.1 24V24zM359.1 200C359.1 222.1 342.1 240 319.1 240C297.9 240 279.1 222.1 279.1 200C279.1 177.9 297.9 160 319.1 160C342.1 160 359.1 177.9 359.1 200zM183.1 296C183.1 318.1 166.1 336 143.1 336C121.9 336 103.1 318.1 103.1 296C103.1 273.9 121.9 256 143.1 256C166.1 256 183.1 273.9 183.1 296zM455.1 296C455.1 273.9 473.9 256 495.1 256C518.1 256 535.1 273.9 535.1 296C535.1 318.1 518.1 336 495.1 336C473.9 336 455.1 318.1 455.1 296zM199.1 480C199.1 497.7 185.7 512 167.1 512H119.1C102.3 512 87.1 497.7 87.1 480V441.5L61.13 491.4C54.84 503 40.29 507.4 28.62 501.1C16.95 494.8 12.58 480.3 18.87 468.6L56.74 398.3C72.09 369.8 101.9 352 134.2 352H153.8C170.1 352 185.7 356.5 199.2 364.6L232.7 302.3C248.1 273.8 277.9 255.1 310.2 255.1H329.8C362.1 255.1 391.9 273.8 407.3 302.3L440.8 364.6C454.3 356.5 469.9 352 486.2 352H505.8C538.1 352 567.9 369.8 583.3 398.3L621.1 468.6C627.4 480.3 623 494.8 611.4 501.1C599.7 507.4 585.1 503 578.9 491.4L551.1 441.5V480C551.1 497.7 537.7 512 519.1 512H471.1C454.3 512 439.1 497.7 439.1 480V441.5L413.1 491.4C406.8 503 392.3 507.4 380.6 501.1C368.9 494.8 364.6 480.3 370.9 468.6L407.2 401.1C405.5 399.5 404 397.6 402.9 395.4L375.1 345.5V400C375.1 417.7 361.7 432 343.1 432H295.1C278.3 432 263.1 417.7 263.1 400V345.5L237.1 395.4C235.1 397.6 234.5 399.5 232.8 401.1L269.1 468.6C275.4 480.3 271 494.8 259.4 501.1C247.7 507.4 233.1 503 226.9 491.4L199.1 441.5L199.1 480zM415 152.1C405.7 143.6 405.7 128.4 415 119C424.4 109.7 439.6 109.7 448.1 119L471.1 142.1V24C471.1 10.75 482.7 0 495.1 0C509.3 0 519.1 10.75 519.1 24V142.1L543 119C552.4 109.7 567.6 109.7 576.1 119C586.3 128.4 586.3 143.6 576.1 152.1L512.1 216.1C503.6 226.3 488.4 226.3 479 216.1L415 152.1z\"><\/path><\/svg><\/div><div class=\"uagb-ifb-title-wrap\"><h4 class=\"uagb-ifb-title\"><strong>Placement de personnel&nbsp;<\/strong><\/h4><\/div><\/div><\/div>\n<\/div>\n\n\n\n<div class=\"wp-block-uagb-container uagb-block-567f87fd\">\n<div class=\"wp-block-uagb-info-box uagb-block-8a237385 uagb-infobox__content-wrap  uagb-infobox-icon-above-title uagb-infobox-image-valign-top\"><div class=\"uagb-ifb-content\"><div class=\"uagb-ifb-icon-wrap\"><svg xmlns=\"https:\/\/www.w3.org\/2000\/svg\" viewBox=\"0 0 640 512\"><path d=\"M336 0C362.5 0 384 21.49 384 48V232.2C344.9 264.5 320 313.3 320 368C320 417.5 340.4 462.2 373.3 494.2C364.5 505.1 351.1 512 336 512H240V432C240 405.5 218.5 384 192 384C165.5 384 144 405.5 144 432V512H48C21.49 512 0 490.5 0 464V48C0 21.49 21.49 0 48 0H336zM64 272C64 280.8 71.16 288 80 288H112C120.8 288 128 280.8 128 272V240C128 231.2 120.8 224 112 224H80C71.16 224 64 231.2 64 240V272zM176 224C167.2 224 160 231.2 160 240V272C160 280.8 167.2 288 176 288H208C216.8 288 224 280.8 224 272V240C224 231.2 216.8 224 208 224H176zM256 272C256 280.8 263.2 288 272 288H304C312.8 288 320 280.8 320 272V240C320 231.2 312.8 224 304 224H272C263.2 224 256 231.2 256 240V272zM80 96C71.16 96 64 103.2 64 112V144C64 152.8 71.16 160 80 160H112C120.8 160 128 152.8 128 144V112C128 103.2 120.8 96 112 96H80zM160 144C160 152.8 167.2 160 176 160H208C216.8 160 224 152.8 224 144V112C224 103.2 216.8 96 208 96H176C167.2 96 160 103.2 160 112V144zM272 96C263.2 96 256 103.2 256 112V144C256 152.8 263.2 160 272 160H304C312.8 160 320 152.8 320 144V112C320 103.2 312.8 96 304 96H272zM352 368C352 288.5 416.5 224 496 224C575.5 224 640 288.5 640 368C640 447.5 575.5 512 496 512C416.5 512 352 447.5 352 368zM496 464C509.3 464 520 453.3 520 440C520 426.7 509.3 416 496 416C482.7 416 472 426.7 472 440C472 453.3 482.7 464 496 464zM479.1 288V368C479.1 376.8 487.2 384 495.1 384C504.8 384 511.1 376.8 511.1 368V288C511.1 279.2 504.8 272 495.1 272C487.2 272 479.1 279.2 479.1 288z\"><\/path><\/svg><\/div><div class=\"uagb-ifb-title-wrap\"><h4 class=\"uagb-ifb-title\">Construction<\/h4><\/div><\/div><\/div>\n<\/div>\n\n\n\n<div class=\"wp-block-uagb-container uagb-block-98eb7ae7\">\n<div class=\"wp-block-uagb-info-box uagb-block-2222e22c uagb-infobox__content-wrap  uagb-infobox-icon-above-title uagb-infobox-image-valign-top\"><div class=\"uagb-ifb-content\"><div class=\"uagb-ifb-icon-wrap\"><svg xmlns=\"https:\/\/www.w3.org\/2000\/svg\" viewBox=\"0 0 512 512\"><path d=\"M502.6 182.6l-45.25-45.25C451.4 131.4 443.3 128 434.8 128H384V80C384 53.5 362.5 32 336 32h-160C149.5 32 128 53.5 128 80V128H77.25c-8.5 0-16.62 3.375-22.62 9.375L9.375 182.6C3.375 188.6 0 196.8 0 205.3V304h128v-32C128 263.1 135.1 256 144 256h32C184.9 256 192 263.1 192 272v32h128v-32C320 263.1 327.1 256 336 256h32C376.9 256 384 263.1 384 272v32h128V205.3C512 196.8 508.6 188.6 502.6 182.6zM336 128h-160V80h160V128zM384 368c0 8.875-7.125 16-16 16h-32c-8.875 0-16-7.125-16-16v-32H192v32C192 376.9 184.9 384 176 384h-32C135.1 384 128 376.9 128 368v-32H0V448c0 17.62 14.38 32 32 32h448c17.62 0 32-14.38 32-32v-112h-128V368z\"><\/path><\/svg><\/div><div class=\"uagb-ifb-title-wrap\"><h4 class=\"uagb-ifb-title\">Fournitures d\u2019Equipements&nbsp;<\/h4><\/div><\/div><\/div>\n<\/div>\n<\/div>\n\n\n\n<div class=\"wp-block-uagb-container uagb-block-d6a6594d\">\n<div class=\"wp-block-uagb-container uagb-block-9c053956\">\n<div class=\"wp-block-uagb-info-box uagb-block-e75fec12 uagb-infobox__content-wrap  uagb-infobox-icon-above-title uagb-infobox-image-valign-top\"><div class=\"uagb-ifb-content\"><div class=\"uagb-ifb-icon-wrap\"><svg xmlns=\"https:\/\/www.w3.org\/2000\/svg\" viewBox=\"0 0 448 512\"><path d=\"M128 39C128 25.1 137.1 15.17 150.9 14.09L302.7 1.443C312 .6658 320 8.027 320 17.39V47.1C320 56.84 312.8 63.1 304 63.1H152.1C139.2 63.1 128 52.81 128 39V39zM302.4 95.1C303.5 101.2 304 106.5 304 111.1C304 156.2 268.2 191.1 224 191.1C179.8 191.1 144 156.2 144 111.1C144 106.5 144.6 101.2 145.6 95.1H302.4zM373.6 460.3L320 369.7V480C320 481.3 319.9 482.5 319.8 483.8L145.5 234.9C162.1 227.8 180.2 223.1 198.8 223.1H249.2C265.1 223.1 280.6 226.8 295 231.9L389.9 67.71C382.2 63.3 379.6 53.51 384 45.86C388.4 38.21 398.2 35.58 405.9 40L433.6 56C441.2 60.42 443.8 70.21 439.4 77.86L383.1 173.9L385.6 174.9C400.9 183.7 406.1 203.3 397.3 218.6L360.6 282C362.6 284.9 364.5 287.8 366.3 290.8L442.4 419.7C453.7 438.7 447.4 463.2 428.4 474.4C409.3 485.7 384.8 479.4 373.6 460.3V460.3zM264 319.1C277.3 319.1 288 309.3 288 295.1C288 282.7 277.3 271.1 264 271.1C250.7 271.1 240 282.7 240 295.1C240 309.3 250.7 319.1 264 319.1zM160 512C142.3 512 128 497.7 128 480V369.7L74.44 460.3C63.21 479.4 38.68 485.7 19.66 474.4C.6381 463.2-5.669 438.7 5.569 419.7L81.7 290.8C91.06 274.1 103.4 261.5 117.7 250.8L299.1 510C295.6 511.3 291.9 512 288 512L160 512z\"><\/path><\/svg><\/div><div class=\"uagb-ifb-title-wrap\"><h4 class=\"uagb-ifb-title\"><strong><strong>S\u00e9curit\u00e9 et Gardiennage&nbsp;<\/strong><\/strong><\/h4><\/div><\/div><\/div>\n<\/div>\n\n\n\n<div class=\"wp-block-uagb-container uagb-block-3a6094fd\">\n<div class=\"wp-block-uagb-info-box uagb-block-b0cf9070 uagb-infobox__content-wrap  uagb-infobox-icon-above-title uagb-infobox-image-valign-top\"><div class=\"uagb-ifb-content\"><div class=\"uagb-ifb-icon-wrap\"><svg xmlns=\"https:\/\/www.w3.org\/2000\/svg\" viewBox=\"0 0 576 512\"><path d=\"M287.1 256c53 0 95.1-42.13 95.1-93.1c0-40-57.12-120.8-83.25-155.6c-6.375-8.5-19.12-8.5-25.5 0C249.1 41.25 191.1 122 191.1 162C191.1 213.9 234.1 256 287.1 256zM568.2 336.3c-13.12-17.81-38.14-21.66-55.93-8.469l-119.7 88.17h-120.6c-8.748 0-15.1-7.25-15.1-15.99c0-8.75 7.25-16 15.1-16h78.25c15.1 0 30.75-10.88 33.37-26.62c3.25-20-12.12-37.38-31.62-37.38H191.1c-26.1 0-53.12 9.25-74.12 26.25l-46.5 37.74L15.1 383.1c-8.748 0-15.1 7.274-15.1 16.02L.0001 496C.0001 504.8 7.251 512 15.1 512h346.1c22.03 0 43.92-7.188 61.7-20.27l135.1-99.52C577.5 379.1 581.3 354.1 568.2 336.3z\"><\/path><\/svg><\/div><div class=\"uagb-ifb-title-wrap\"><h4 class=\"uagb-ifb-title\">Nettoyage&nbsp;<\/h4><\/div><\/div><\/div>\n<\/div>\n\n\n\n<div class=\"wp-block-uagb-container uagb-block-ef08b096\">\n<div class=\"wp-block-uagb-info-box uagb-block-d1979bde uagb-infobox__content-wrap  uagb-infobox-icon-above-title uagb-infobox-image-valign-top\"><div class=\"uagb-ifb-content\"><div class=\"uagb-ifb-icon-wrap\"><svg xmlns=\"https:\/\/www.w3.org\/2000\/svg\" viewBox=\"0 0 640 512\"><path d=\"M32 32C49.67 32 64 46.33 64 64V96H149.2L64 266.3V448C64 465.7 49.67 480 32 480C14.33 480 0 465.7 0 448V64C0 46.33 14.33 32 32 32V32zM309.2 288H234.8L330.8 96H405.2L309.2 288zM458.8 96H533.2L437.2 288H362.8L458.8 96zM202.8 96H277.2L181.2 288H106.8L202.8 96zM576 117.7V64C576 46.33 590.3 32 608 32C625.7 32 640 46.33 640 64V448C640 465.7 625.7 480 608 480C590.3 480 576 465.7 576 448V288H490.8L576 117.7z\"><\/path><\/svg><\/div><div class=\"uagb-ifb-title-wrap\"><h4 class=\"uagb-ifb-title\">Entretien d&#8217;espaces int\u00e9rieurs, ext\u00e9rieurs&nbsp;et tant d&#8217;autres services<\/h4><\/div><\/div><\/div>\n<\/div>\n<\/div>\n\n\n\n<div class=\"wp-block-uagb-buttons uagb-buttons__outer-wrap uagb-btn__default-btn uagb-btn-tablet__default-btn uagb-btn-mobile__default-btn uagb-block-cee31005\"><div class=\"uagb-buttons__wrap uagb-buttons-layout-wrap\">\n<div class=\"wp-block-uagb-buttons-child uagb-buttons__outer-wrap uagb-block-fe2a6bb2 wp-block-button is-style-outline\"><div class=\"uagb-button__wrapper\"><a class=\"uagb-buttons-repeater wp-block-button__link\" href=\"https:\/\/ditetroncorporation.com\/index.php\/services\/\" rel=\"follow noopener\" target=\"_self\"><div class=\"uagb-button__link\">en savoir plus<\/div><\/a><\/div><\/div>\n<\/div><\/div>\n<\/div><\/div>\n\n\n\n<div class=\"wp-block-uagb-container uagb-block-5bd7ad34 alignfull uagb-is-root-container\"><div class=\"uagb-container-inner-blocks-wrap\">\n<div class=\"wp-block-uagb-advanced-heading uagb-block-cdeca857\"><h2 class=\"uagb-heading-text\">Projets<\/h2><p class=\"uagb-desc-text\">Des images de quelques-uns des projets que nous avons r\u00e9alis\u00e9s pour nos clients.\u200b<\/p><\/div>\n\n\n\n<div class=\"wp-block-uagb-container uagb-block-58caed8b\">\n<\/div>\n\n\n\n<div class=\"wp-block-uagb-advanced-heading uagb-block-c9db6ebf\"><h2 class=\"uagb-heading-text\">Nos partenaires<\/h2><p class=\"uagb-desc-text\">Quelques partenaires qui nous ont fait confiance avec leurs projets dans nos diff\u00e9rents domaines de sp\u00e9cialit\u00e9<\/p><\/div>\n\n\n\n<div class=\"wp-block-uagb-container uagb-block-1a9ac827\">\n<div class=\"wp-block-uagb-container uagb-block-740a96a1\">\n<div class=\"wp-block-uagb-image uagb-block-cfc3b058 wp-block-uagb-image--layout-default wp-block-uagb-image--effect-static wp-block-uagb-image--align-center\"><figure class=\"wp-block-uagb-image__figure\"><img loading=\"lazy\" decoding=\"async\" srcset=\"https:\/\/ditetroncorporation.com\/wp-content\/uploads\/2022\/09\/logopart4.jpg 1024w, https:\/\/ditetroncorporation.com\/wp-content\/uploads\/2021\/03\/logo-5.svg 360w\" src=\"https:\/\/ditetroncorporation.com\/wp-content\/uploads\/2022\/09\/logopart4.jpg\" alt=\"\" class=\"uag-image-2462\" width=\"160\" height=\"160\" title=\"\"\/><\/figure><\/div>\n<\/div>\n\n\n\n<div class=\"wp-block-uagb-container uagb-block-2f173599\">\n<div class=\"wp-block-uagb-image uagb-block-33a95b22 wp-block-uagb-image--layout-default wp-block-uagb-image--effect-static wp-block-uagb-image--align-center\"><figure class=\"wp-block-uagb-image__figure\"><img loading=\"lazy\" decoding=\"async\" srcset=\"https:\/\/ditetroncorporation.com\/wp-content\/uploads\/2022\/09\/logopart.jpg 1024w, https:\/\/ditetroncorporation.com\/wp-content\/uploads\/2021\/03\/logo-3.svg 360w\" src=\"https:\/\/ditetroncorporation.com\/wp-content\/uploads\/2022\/09\/logopart.jpg\" alt=\"\" class=\"uag-image-2458\" width=\"160\" height=\"160\" title=\"\"\/><\/figure><\/div>\n<\/div>\n\n\n\n<div class=\"wp-block-uagb-container uagb-block-8c248821\">\n<div class=\"wp-block-uagb-image uagb-block-fb51168c wp-block-uagb-image--layout-default wp-block-uagb-image--effect-static wp-block-uagb-image--align-center\"><figure class=\"wp-block-uagb-image__figure\"><img loading=\"lazy\" decoding=\"async\" srcset=\"https:\/\/ditetroncorporation.com\/wp-content\/uploads\/2022\/09\/logopart1.jpg 1024w, https:\/\/ditetroncorporation.com\/wp-content\/uploads\/2021\/03\/logo-4.svg 360w\" src=\"https:\/\/ditetroncorporation.com\/wp-content\/uploads\/2022\/09\/logopart1.jpg\" alt=\"\" class=\"uag-image-2459\" width=\"160\" height=\"100\" title=\"\"\/><\/figure><\/div>\n<\/div>\n\n\n\n<div class=\"wp-block-uagb-container uagb-block-7ddc889d\">\n<div class=\"wp-block-uagb-image uagb-block-1c44625e wp-block-uagb-image--layout-default wp-block-uagb-image--effect-static wp-block-uagb-image--align-center\"><figure class=\"wp-block-uagb-image__figure\"><img loading=\"lazy\" decoding=\"async\" srcset=\"https:\/\/ditetroncorporation.com\/wp-content\/uploads\/2022\/09\/logopart2.png 1024w, https:\/\/ditetroncorporation.com\/wp-content\/uploads\/2021\/03\/logo-2.svg 360w\" src=\"https:\/\/ditetroncorporation.com\/wp-content\/uploads\/2022\/09\/logopart2.png\" alt=\"\" class=\"uag-image-2460\" width=\"160\" height=\"160\" title=\"\"\/><\/figure><\/div>\n<\/div>\n\n\n\n<div class=\"wp-block-uagb-container uagb-block-7b197b30\">\n<div class=\"wp-block-uagb-image uagb-block-73349cd0 wp-block-uagb-image--layout-default wp-block-uagb-image--effect-static wp-block-uagb-image--align-none\"><figure class=\"wp-block-uagb-image__figure\"><img loading=\"lazy\" decoding=\"async\" srcset=\"https:\/\/ditetroncorporation.com\/wp-content\/uploads\/2022\/09\/logopart3.png 1024w\" src=\"https:\/\/ditetroncorporation.com\/wp-content\/uploads\/2022\/09\/logopart3.png\" alt=\"\" class=\"uag-image-2461\" width=\"160\" height=\"160\" title=\"\"\/><\/figure><\/div>\n<\/div>\n<\/div>\n<\/div><\/div>\n\n\n\n<div class=\"wp-block-uagb-container uagb-block-89aa91a9 alignfull uagb-is-root-container\"><div class=\"uagb-container-inner-blocks-wrap\">\n<div class=\"wp-block-uagb-advanced-heading uagb-block-159c332d\"><h2 class=\"uagb-heading-text\">Notre direction<\/h2><\/div>\n\n\n\n<div class=\"wp-block-uagb-container uagb-block-7dc1d8ee\">\n<div class=\"wp-block-uagb-container uagb-block-66e07c70\">\n<div class=\"wp-block-uagb-info-box uagb-block-3d19d977 uagb-infobox__content-wrap  uagb-infobox-icon-above-title uagb-infobox-image-valign-top\"><div class=\"uagb-ifb-content\"><div class=\"uagb-ifb-image-content\"><img decoding=\"async\" src=\"https:\/\/ditetroncorporation.com\/wp-content\/uploads\/2022\/09\/ceo.png\" alt=\"\"\/><\/div><div class=\"uagb-ifb-title-wrap\"><h4 class=\"uagb-ifb-title\">Elvis Strauss MANGUE MAYILAMENE<\/h4><\/div><p class=\"uagb-ifb-desc\">CEO DITETRON CORPORATION<\/p><\/div><\/div>\n<\/div>\n<\/div>\n<\/div><\/div>\n\n\n\n<div class=\"wp-block-uagb-container uagb-block-ad59b497 alignfull uagb-is-root-container\"><div class=\"uagb-container-inner-blocks-wrap\">\n<div class=\"wp-block-uagb-container uagb-block-60a97261\">\n<div class=\"wp-block-uagb-container uagb-block-da24c0ef\">\n<div class=\"wp-block-uagb-advanced-heading uagb-block-3d8e5de6\"><h3 class=\"uagb-heading-text\">Avez-vous besoin de nos services ?<\/h3><p class=\"uagb-desc-text\">Un de nos services vous int\u00e9resse, n&#8217;h\u00e9sitez pas de nous le faire savoir.<\/p><\/div>\n<\/div>\n\n\n\n<div class=\"wp-block-uagb-container uagb-block-186b7941\">\n<div class=\"wp-block-uagb-buttons uagb-buttons__outer-wrap uagb-btn__default-btn uagb-btn-tablet__default-btn uagb-btn-mobile__default-btn uagb-block-1075acca\"><div class=\"uagb-buttons__wrap uagb-buttons-layout-wrap\">\n<div class=\"wp-block-uagb-buttons-child uagb-buttons__outer-wrap uagb-block-5290ed52 wp-block-button is-style-outline\"><div class=\"uagb-button__wrapper\"><a class=\"uagb-buttons-repeater wp-block-button__link\" href=\"https:\/\/ditetroncorporation.com\/index.php\/contact\/\" rel=\"follow noopener\" target=\"_self\"><div class=\"uagb-button__link\">nous contacter<\/div><\/a><\/div><\/div>\n<\/div><\/div>\n<\/div>\n<\/div>\n<\/div><\/div>\n","protected":false},"excerpt":{"rendered":"","protected":false},"author":1,"featured_media":0,"parent":0,"menu_order":0,"comment_status":"closed","ping_status":"closed","template":"","meta":{"om_disable_all_campaigns":false,"_monsterinsights_skip_tracking":false,"_monsterinsights_sitenote_active":false,"_monsterinsights_sitenote_note":"","_monsterinsights_sitenote_category":0,"site-sidebar-layout":"no-sidebar","site-content-layout":"page-builder","ast-global-header-display":"","ast-main-header-display":"","ast-hfb-above-header-display":"","ast-hfb-below-header-display":"","ast-hfb-mobile-header-display":"","site-post-title":"disabled","ast-breadcrumbs-content":"","ast-featured-img":"disabled","footer-sml-layout":"","theme-transparent-header-meta":"enabled","adv-header-id-meta":"","stick-header-meta":"","header-above-stick-meta":"","header-main-stick-meta":"","header-below-stick-meta":"","footnotes":""},"aioseo_notices":[],"uagb_featured_image_src":{"full":false,"thumbnail":false,"medium":false,"medium_large":false,"large":false,"1536x1536":false,"2048x2048":false},"uagb_author_info":{"display_name":"davidjoellukombo","author_link":"https:\/\/ditetroncorporation.com\/index.php\/author\/davidjoellukombo\/"},"uagb_comment_info":0,"uagb_excerpt":null,"_links":{"self":[{"href":"https:\/\/ditetroncorporation.com\/index.php\/wp-json\/wp\/v2\/pages\/1488"}],"collection":[{"href":"https:\/\/ditetroncorporation.com\/index.php\/wp-json\/wp\/v2\/pages"}],"about":[{"href":"https:\/\/ditetroncorporation.com\/index.php\/wp-json\/wp\/v2\/types\/page"}],"author":[{"embeddable":true,"href":"https:\/\/ditetroncorporation.com\/index.php\/wp-json\/wp\/v2\/users\/1"}],"replies":[{"embeddable":true,"href":"https:\/\/ditetroncorporation.com\/index.php\/wp-json\/wp\/v2\/comments?post=1488"}],"version-history":[{"count":42,"href":"https:\/\/ditetroncorporation.com\/index.php\/wp-json\/wp\/v2\/pages\/1488\/revisions"}],"predecessor-version":[{"id":2582,"href":"https:\/\/ditetroncorporation.com\/index.php\/wp-json\/wp\/v2\/pages\/1488\/revisions\/2582"}],"wp:attachment":[{"href":"https:\/\/ditetroncorporation.com\/index.php\/wp-json\/wp\/v2\/media?parent=1488"}],"curies":[{"name":"wp","href":"https:\/\/api.w.org\/{rel}","templated":true}]}}