{"id":1490,"date":"2022-03-04T03:43:38","date_gmt":"2022-03-04T03:43:38","guid":{"rendered":"https:\/\/ditetroncorporation.com\/index.php\/about\/"},"modified":"2022-09-21T10:30:42","modified_gmt":"2022-09-21T10:30:42","slug":"about","status":"publish","type":"page","link":"https:\/\/ditetroncorporation.com\/index.php\/about\/","title":{"rendered":"A propos de nous"},"content":{"rendered":"\n<div class=\"wp-block-uagb-container uagb-block-f8cedc65 alignfull uagb-is-root-container\"><div class=\"uagb-container-inner-blocks-wrap\">\n<div class=\"wp-block-uagb-info-box uagb-block-29f7f345 uagb-infobox__content-wrap  uagb-infobox-icon-above-title uagb-infobox-image-valign-top\"><div class=\"uagb-ifb-content\"><div class=\"uagb-ifb-title-wrap\"><span class=\"uagb-ifb-title-prefix\">A propos de nous<\/span><h4 class=\"uagb-ifb-title\">Bienvenue chez DITETRON CORPORATION<\/h4><\/div><\/div><\/div>\n<\/div><\/div>\n\n\n\n<div class=\"wp-block-uagb-container uagb-block-dca0cfdc alignfull uagb-is-root-container\"><div class=\"uagb-container-inner-blocks-wrap\">\n<div class=\"wp-block-uagb-container uagb-block-7417c734\">\n<div class=\"wp-block-uagb-container uagb-block-d1035d58\">\n<div class=\"wp-block-uagb-info-box uagb-block-bb840a59 uagb-infobox__content-wrap  uagb-infobox-icon-above-title uagb-infobox-image-valign-top\"><div class=\"uagb-ifb-content\"><div class=\"uagb-ifb-title-wrap\"><div class=\"uagb-ifb-separator\"><\/div><h3 class=\"uagb-ifb-title\">Qui nous sommes<\/h3><\/div><p class=\"uagb-ifb-desc\">Cr\u00e9\u00e9 en 2018, DITETRON CORPORATION est un cabinet de conseil \u00e9voluant dans plusieurs secteurs d\u2019activit\u00e9s. <br>Nos collaborateurs tr\u00e8s qualifi\u00e9s sont r\u00e9partis au Kongo Central, \u00e0 Kinshasa et au Kasa\u00ef Central et nous comptons nous \u00e9tendre dans toutes les provinces de la R\u00e9publique D\u00e9mocratique du Congo et ailleurs.<\/p><\/div><\/div>\n<\/div>\n\n\n\n<div class=\"wp-block-uagb-container uagb-block-88c2e49c\">\n<div class=\"wp-block-uagb-info-box uagb-block-5377b24c uagb-infobox__content-wrap  uagb-infobox-icon-above-title uagb-infobox-image-valign-top\"><div class=\"uagb-ifb-content\"><div class=\"uagb-ifb-title-wrap\"><div class=\"uagb-ifb-separator\"><\/div><h3 class=\"uagb-ifb-title\">Mission\u200b &amp; Vision<\/h3><\/div><p class=\"uagb-ifb-desc\">Notre vison est de Construire et b\u00e2tir pour un avenir meilleur. <br>Et nous avons comme mission principale de proposer les\u200b meilleures solutions pour nos clients. Car le client est au c\u0153ur de notre m\u00e9tier.<\/p><\/div><\/div>\n<\/div>\n\n\n\n<div class=\"wp-block-uagb-container uagb-block-26fe522d\">\n<div class=\"wp-block-uagb-info-box uagb-block-4252dfa6 uagb-infobox__content-wrap  uagb-infobox-icon-above-title uagb-infobox-image-valign-top\"><div class=\"uagb-ifb-content\"><div class=\"uagb-ifb-title-wrap\"><div class=\"uagb-ifb-separator\"><\/div><h3 class=\"uagb-ifb-title\">Ce que nous offrons<\/h3><\/div><\/div><\/div>\n\n\n\n<div class=\"wp-block-uagb-icon-list uagb-block-cb7a7d73\"><div class=\"uagb-icon-list__wrap\">\n<div class=\"wp-block-uagb-icon-list-child uagb-block-d9014617\"><span class=\"uagb-icon-list__source-wrap\"><svg xmlns=\"https:\/\/www.w3.org\/2000\/svg\" viewBox=\"0 0 256 512\"><path d=\"M118.6 105.4l128 127.1C252.9 239.6 256 247.8 256 255.1s-3.125 16.38-9.375 22.63l-128 127.1c-9.156 9.156-22.91 11.9-34.88 6.943S64 396.9 64 383.1V128c0-12.94 7.781-24.62 19.75-29.58S109.5 96.23 118.6 105.4z\"><\/path><\/svg><\/span><span class=\"uagb-icon-list__label\">Placement de personnel\u00a0<\/span><\/div>\n\n\n\n<div class=\"wp-block-uagb-icon-list-child uagb-block-8cd648c9\"><span class=\"uagb-icon-list__source-wrap\"><svg xmlns=\"https:\/\/www.w3.org\/2000\/svg\" viewBox=\"0 0 256 512\"><path d=\"M118.6 105.4l128 127.1C252.9 239.6 256 247.8 256 255.1s-3.125 16.38-9.375 22.63l-128 127.1c-9.156 9.156-22.91 11.9-34.88 6.943S64 396.9 64 383.1V128c0-12.94 7.781-24.62 19.75-29.58S109.5 96.23 118.6 105.4z\"><\/path><\/svg><\/span><span class=\"uagb-icon-list__label\">Construction<\/span><\/div>\n\n\n\n<div class=\"wp-block-uagb-icon-list-child uagb-block-f7aef2a5\"><span class=\"uagb-icon-list__source-wrap\"><svg xmlns=\"https:\/\/www.w3.org\/2000\/svg\" viewBox=\"0 0 256 512\"><path d=\"M118.6 105.4l128 127.1C252.9 239.6 256 247.8 256 255.1s-3.125 16.38-9.375 22.63l-128 127.1c-9.156 9.156-22.91 11.9-34.88 6.943S64 396.9 64 383.1V128c0-12.94 7.781-24.62 19.75-29.58S109.5 96.23 118.6 105.4z\"><\/path><\/svg><\/span><span class=\"uagb-icon-list__label\">Fournitures d\u2019Equipements\u00a0<\/span><\/div>\n\n\n\n<div class=\"wp-block-uagb-icon-list-child uagb-block-5444a665\"><span class=\"uagb-icon-list__source-wrap\"><svg xmlns=\"https:\/\/www.w3.org\/2000\/svg\" viewBox=\"0 0 256 512\"><path d=\"M118.6 105.4l128 127.1C252.9 239.6 256 247.8 256 255.1s-3.125 16.38-9.375 22.63l-128 127.1c-9.156 9.156-22.91 11.9-34.88 6.943S64 396.9 64 383.1V128c0-12.94 7.781-24.62 19.75-29.58S109.5 96.23 118.6 105.4z\"><\/path><\/svg><\/span><span class=\"uagb-icon-list__label\">S\u00e9curit\u00e9 et Gardiennage\u00a0<\/span><\/div>\n\n\n\n<div class=\"wp-block-uagb-icon-list-child uagb-block-bcad6fd4\"><span class=\"uagb-icon-list__source-wrap\"><svg xmlns=\"https:\/\/www.w3.org\/2000\/svg\" viewBox=\"0 0 256 512\"><path d=\"M118.6 105.4l128 127.1C252.9 239.6 256 247.8 256 255.1s-3.125 16.38-9.375 22.63l-128 127.1c-9.156 9.156-22.91 11.9-34.88 6.943S64 396.9 64 383.1V128c0-12.94 7.781-24.62 19.75-29.58S109.5 96.23 118.6 105.4z\"><\/path><\/svg><\/span><span class=\"uagb-icon-list__label\">Nettoyage\u00a0<\/span><\/div>\n\n\n\n<div class=\"wp-block-uagb-icon-list-child uagb-block-972fa398\"><span class=\"uagb-icon-list__source-wrap\"><svg xmlns=\"https:\/\/www.w3.org\/2000\/svg\" viewBox=\"0 0 256 512\"><path d=\"M118.6 105.4l128 127.1C252.9 239.6 256 247.8 256 255.1s-3.125 16.38-9.375 22.63l-128 127.1c-9.156 9.156-22.91 11.9-34.88 6.943S64 396.9 64 383.1V128c0-12.94 7.781-24.62 19.75-29.58S109.5 96.23 118.6 105.4z\"><\/path><\/svg><\/span><span class=\"uagb-icon-list__label\">Entretien d&#8217;espaces int\u00e9rieurs et ext\u00e9rieurs\u00a0, etc&#8230;<\/span><\/div>\n<\/div><\/div>\n<\/div>\n<\/div>\n<\/div><\/div>\n\n\n\n<div class=\"wp-block-uagb-container uagb-block-295539f6 alignfull uagb-is-root-container\"><div class=\"uagb-container-inner-blocks-wrap\">\n<div class=\"wp-block-uagb-advanced-heading uagb-block-94e61bac\"><h2 class=\"uagb-heading-text\">R\u00e9f\u00e9rences<\/h2><div class=\"uagb-separator\"><\/div><\/div>\n\n\n\n<div class=\"wp-block-uagb-info-box uagb-block-b9cc6c28 uagb-infobox__content-wrap  uagb-infobox-icon-above-title uagb-infobox-image-valign-top\"><div class=\"uagb-ifb-content\"><div class=\"uagb-ifb-title-wrap\"><span class=\"uagb-ifb-title-prefix\">01.<\/span><\/div><p class=\"uagb-ifb-desc\">Ditetron Corporation a gagn\u00e9 par appels d\u2019offres le march\u00e9 de r\u00e9habilitation des logements dans le cadre du projet G25 \u00e0 Inga dans le Kongo Central. Le contexte de ce projet est li\u00e9 au besoin croissant d\u2019\u00e9nergie que les compagnies mini\u00e8res ont de plus en plus recours pour alimenter leurs op\u00e9rations. Ce qui a pouss\u00e9 la multinationale Ivanho\u00e9 Mines \u00e0 signer un nouvel accord avec la Soci\u00e9t\u00e9 Nationale d\u2019Electricit\u00e9 SNEL SA en compl\u00e9ment de celui sign\u00e9 pour la r\u00e9novation de la centrale hydro\u00e9lectrique de Mwadingusha d\u2019une capacit\u00e9 de 78 MW en vue d\u2019alimenter sa future mine de cuivre Kamoa-Kakula.<br><br>Ce nouveau protocole d\u2019accord avec la Soci\u00e9t\u00e9 Nationale d\u2019\u00c9lectricit\u00e9 a pour but de moderniser la turbine 5 du complexe hydro\u00e9lectrique d\u2019Inga II. Ce partenariat public-priv\u00e9 lui permettra d\u2019obtenir les 162 MW d\u2019\u00e9nergie produite par l\u2019installation afin d\u2019alimenter le complexe de cuivre Kamoa-Kakula et son usine de traitement associ\u00e9e, tous deux en construction actuellement.<br><br>C\u2019est ainsi qu\u2019avant le lancement des travaux de r\u00e9habilitation \u00e0 la Centrale, les diff\u00e9rentes parties prenantes se lancent dans les travaux pr\u00e9paratoires consistant \u00e0 r\u00e9habiliter les logements pour les personnels expatri\u00e9s et nationaux qui prendront part au Projet. Nous sommes prestataire de services des diff\u00e9rentes soci\u00e9t\u00e9s de la place.<\/p><\/div><\/div>\n<\/div><\/div>\n\n\n\n<div class=\"wp-block-uagb-container uagb-block-bd10aa26 alignfull uagb-is-root-container\">\n<div class=\"wp-block-uagb-container uagb-block-e82c2d93\"><\/div>\n\n\n\n<div class=\"wp-block-uagb-container uagb-block-1e8ec3e8\">\n<div class=\"wp-block-uagb-advanced-heading uagb-block-b1a8d9e1\"><h2 class=\"uagb-heading-text\">Nos comp\u00e9tences<\/h2><p class=\"uagb-desc-text\">Nous conseillons et accompagnons nos clients dans leurs petits et grands projets, en partageant avec eux notre savoir-faire et notre passion. Notre priorit\u00e9 est de trouver une solution convaincante \u00e0 tous points de vue.<\/p><\/div>\n\n\n\n<div class=\"wp-block-uagb-container uagb-block-f86a62e5\">\n<div class=\"wp-block-uagb-faq uagb-faq__outer-wrap uagb-block-c0e0eb2d uagb-faq-icon-row-reverse uagb-faq-layout-accordion uagb-faq-expand-first-true uagb-faq-inactive-other-true uagb-faq__wrap uagb-buttons-layout-wrap uagb-faq-equal-height\" data-faqtoggle=\"true\" role=\"tablist\">\n<div class=\"wp-block-uagb-faq-child uagb-faq-child__outer-wrap uagb-faq-item uagb-block-538430ba\" role=\"tab\" tabindex=\"0\"><div class=\"uagb-faq-questions-button uagb-faq-questions\"><span class=\"uagb-icon uagb-faq-icon-wrap\"><svg xmlns=\"https:\/\/www.w3.org\/2000\/svg\" viewBox=\"0 0 512 512\"><path d=\"M0 256C0 114.6 114.6 0 256 0C397.4 0 512 114.6 512 256C512 397.4 397.4 512 256 512C114.6 512 0 397.4 0 256zM256 368C269.3 368 280 357.3 280 344V280H344C357.3 280 368 269.3 368 256C368 242.7 357.3 232 344 232H280V168C280 154.7 269.3 144 256 144C242.7 144 232 154.7 232 168V232H168C154.7 232 144 242.7 144 256C144 269.3 154.7 280 168 280H232V344C232 357.3 242.7 368 256 368z\"><\/path><\/svg><\/span><span class=\"uagb-icon-active uagb-faq-icon-wrap\"><svg xmlns=\"https:\/\/www.w3.org\/2000\/svg\" viewBox=\"0 0 512 512\"><path d=\"M0 256C0 114.6 114.6 0 256 0C397.4 0 512 114.6 512 256C512 397.4 397.4 512 256 512C114.6 512 0 397.4 0 256zM168 232C154.7 232 144 242.7 144 256C144 269.3 154.7 280 168 280H344C357.3 280 368 269.3 368 256C368 242.7 357.3 232 344 232H168z\"><\/path><\/svg><\/span><span class=\"uagb-question\">Du travail de qualit\u00e9<\/span><\/div><p class=\"uagb-faq-content\">Chez Ditetron Corporation, vous \u00eates asur\u00e9s non seulement d&#8217;\u00eatre servis mais aussi et surtout d&#8217;\u00eatre servis avec qualit\u00e9.<\/p><\/div>\n\n\n\n<div class=\"wp-block-uagb-faq-child uagb-faq-child__outer-wrap uagb-faq-item uagb-block-1c3b1670\" role=\"tab\" tabindex=\"0\"><div class=\"uagb-faq-questions-button uagb-faq-questions\"><span class=\"uagb-icon uagb-faq-icon-wrap\"><svg xmlns=\"https:\/\/www.w3.org\/2000\/svg\" viewBox=\"0 0 512 512\"><path d=\"M0 256C0 114.6 114.6 0 256 0C397.4 0 512 114.6 512 256C512 397.4 397.4 512 256 512C114.6 512 0 397.4 0 256zM256 368C269.3 368 280 357.3 280 344V280H344C357.3 280 368 269.3 368 256C368 242.7 357.3 232 344 232H280V168C280 154.7 269.3 144 256 144C242.7 144 232 154.7 232 168V232H168C154.7 232 144 242.7 144 256C144 269.3 154.7 280 168 280H232V344C232 357.3 242.7 368 256 368z\"><\/path><\/svg><\/span><span class=\"uagb-icon-active uagb-faq-icon-wrap\"><svg xmlns=\"https:\/\/www.w3.org\/2000\/svg\" viewBox=\"0 0 512 512\"><path d=\"M0 256C0 114.6 114.6 0 256 0C397.4 0 512 114.6 512 256C512 397.4 397.4 512 256 512C114.6 512 0 397.4 0 256zM168 232C154.7 232 144 242.7 144 256C144 269.3 154.7 280 168 280H344C357.3 280 368 269.3 368 256C368 242.7 357.3 232 344 232H168z\"><\/path><\/svg><\/span><span class=\"uagb-question\">Assistance inlassable<\/span><\/div><p class=\"uagb-faq-content\">Vous voulez discuter d&#8217;un projet \u00e0 r\u00e9aliser, un projet en cours ou m\u00eame d&#8217;un projet pass\u00e9, chez DItetron Corporation vous aurez toujours une oreille attentive et une assistance inlassable.<\/p><\/div>\n\n\n\n<div class=\"wp-block-uagb-faq-child uagb-faq-child__outer-wrap uagb-faq-item uagb-block-b3d2349e\" role=\"tab\" tabindex=\"0\"><div class=\"uagb-faq-questions-button uagb-faq-questions\"><span class=\"uagb-icon uagb-faq-icon-wrap\"><svg xmlns=\"https:\/\/www.w3.org\/2000\/svg\" viewBox=\"0 0 512 512\"><path d=\"M0 256C0 114.6 114.6 0 256 0C397.4 0 512 114.6 512 256C512 397.4 397.4 512 256 512C114.6 512 0 397.4 0 256zM256 368C269.3 368 280 357.3 280 344V280H344C357.3 280 368 269.3 368 256C368 242.7 357.3 232 344 232H280V168C280 154.7 269.3 144 256 144C242.7 144 232 154.7 232 168V232H168C154.7 232 144 242.7 144 256C144 269.3 154.7 280 168 280H232V344C232 357.3 242.7 368 256 368z\"><\/path><\/svg><\/span><span class=\"uagb-icon-active uagb-faq-icon-wrap\"><svg xmlns=\"https:\/\/www.w3.org\/2000\/svg\" viewBox=\"0 0 512 512\"><path d=\"M0 256C0 114.6 114.6 0 256 0C397.4 0 512 114.6 512 256C512 397.4 397.4 512 256 512C114.6 512 0 397.4 0 256zM168 232C154.7 232 144 242.7 144 256C144 269.3 154.7 280 168 280H344C357.3 280 368 269.3 368 256C368 242.7 357.3 232 344 232H168z\"><\/path><\/svg><\/span><span class=\"uagb-question\">Une Equipe excepetionelle<\/span><\/div><p class=\"uagb-faq-content\">Chez Ditetron vous \u00eates servis par une \u00e9quipe de professionels av\u00e9r\u00e9s et hautement qualifi\u00e9s qui donnent le meilleur d&#8217;eux-m\u00eames pour chaque projet.<\/p><\/div>\n\n\n\n<div class=\"wp-block-uagb-faq-child uagb-faq-child__outer-wrap uagb-faq-item uagb-block-61f332ed\" role=\"tab\" tabindex=\"0\"><div class=\"uagb-faq-questions-button uagb-faq-questions\"><span class=\"uagb-icon uagb-faq-icon-wrap\"><svg xmlns=\"https:\/\/www.w3.org\/2000\/svg\" viewBox=\"0 0 512 512\"><path d=\"M0 256C0 114.6 114.6 0 256 0C397.4 0 512 114.6 512 256C512 397.4 397.4 512 256 512C114.6 512 0 397.4 0 256zM256 368C269.3 368 280 357.3 280 344V280H344C357.3 280 368 269.3 368 256C368 242.7 357.3 232 344 232H280V168C280 154.7 269.3 144 256 144C242.7 144 232 154.7 232 168V232H168C154.7 232 144 242.7 144 256C144 269.3 154.7 280 168 280H232V344C232 357.3 242.7 368 256 368z\"><\/path><\/svg><\/span><span class=\"uagb-icon-active uagb-faq-icon-wrap\"><svg xmlns=\"https:\/\/www.w3.org\/2000\/svg\" viewBox=\"0 0 512 512\"><path d=\"M0 256C0 114.6 114.6 0 256 0C397.4 0 512 114.6 512 256C512 397.4 397.4 512 256 512C114.6 512 0 397.4 0 256zM168 232C154.7 232 144 242.7 144 256C144 269.3 154.7 280 168 280H344C357.3 280 368 269.3 368 256C368 242.7 357.3 232 344 232H168z\"><\/path><\/svg><\/span><span class=\"uagb-question\">Des r\u00e9sultats que vous voulez<\/span><\/div><p class=\"uagb-faq-content\">Chez Ditetron Corporation, nous nous assurons de toujours \u00e9couter attentivement les besoins de nos clients afin que le r\u00e9sultat de chaque projet r\u00e9ponde totalement aux attentes de ces derniers.<\/p><\/div>\n<\/div>\n<\/div>\n<\/div>\n<\/div>\n\n\n\n<div class=\"wp-block-uagb-container uagb-block-4de92121 alignfull uagb-is-root-container\"><div class=\"uagb-container-inner-blocks-wrap\">\n<div class=\"wp-block-uagb-container uagb-block-410ed6c3\">\n<div class=\"wp-block-uagb-container uagb-block-d2354c7e\">\n<div class=\"wp-block-uagb-advanced-heading uagb-block-2f2a5c6c\"><h3 class=\"uagb-heading-text\">Avez-vous besoin de nos services?\u200b<\/h3><p class=\"uagb-desc-text\">Un de nos services vous int\u00e9resse, n&#8217;h\u00e9sitez pas de nous le faire savoir.<\/p><\/div>\n<\/div>\n\n\n\n<div class=\"wp-block-uagb-container uagb-block-ba6fd18d\">\n<div class=\"wp-block-uagb-buttons uagb-buttons__outer-wrap uagb-btn__default-btn uagb-btn-tablet__default-btn uagb-btn-mobile__default-btn uagb-block-636d796d\"><div class=\"uagb-buttons__wrap uagb-buttons-layout-wrap\">\n<div class=\"wp-block-uagb-buttons-child uagb-buttons__outer-wrap uagb-block-f544ee4d wp-block-button is-style-outline\"><div class=\"uagb-button__wrapper\"><a class=\"uagb-buttons-repeater wp-block-button__link\" href=\"https:\/\/ditetroncorporation.com\/index.php\/contact\/\" rel=\"follow noopener\" target=\"_self\"><div class=\"uagb-button__link\">contactez-nous<\/div><\/a><\/div><\/div>\n<\/div><\/div>\n<\/div>\n<\/div>\n<\/div><\/div>\n","protected":false},"excerpt":{"rendered":"","protected":false},"author":1,"featured_media":0,"parent":0,"menu_order":0,"comment_status":"closed","ping_status":"closed","template":"","meta":{"om_disable_all_campaigns":false,"_monsterinsights_skip_tracking":false,"_monsterinsights_sitenote_active":false,"_monsterinsights_sitenote_note":"","_monsterinsights_sitenote_category":0,"site-sidebar-layout":"no-sidebar","site-content-layout":"page-builder","ast-global-header-display":"","ast-main-header-display":"","ast-hfb-above-header-display":"","ast-hfb-below-header-display":"","ast-hfb-mobile-header-display":"","site-post-title":"disabled","ast-breadcrumbs-content":"","ast-featured-img":"disabled","footer-sml-layout":"","theme-transparent-header-meta":"enabled","adv-header-id-meta":"","stick-header-meta":"","header-above-stick-meta":"","header-main-stick-meta":"","header-below-stick-meta":"","footnotes":""},"aioseo_notices":[],"uagb_featured_image_src":{"full":false,"thumbnail":false,"medium":false,"medium_large":false,"large":false,"1536x1536":false,"2048x2048":false},"uagb_author_info":{"display_name":"davidjoellukombo","author_link":"https:\/\/ditetroncorporation.com\/index.php\/author\/davidjoellukombo\/"},"uagb_comment_info":0,"uagb_excerpt":null,"_links":{"self":[{"href":"https:\/\/ditetroncorporation.com\/index.php\/wp-json\/wp\/v2\/pages\/1490"}],"collection":[{"href":"https:\/\/ditetroncorporation.com\/index.php\/wp-json\/wp\/v2\/pages"}],"about":[{"href":"https:\/\/ditetroncorporation.com\/index.php\/wp-json\/wp\/v2\/types\/page"}],"author":[{"embeddable":true,"href":"https:\/\/ditetroncorporation.com\/index.php\/wp-json\/wp\/v2\/users\/1"}],"replies":[{"embeddable":true,"href":"https:\/\/ditetroncorporation.com\/index.php\/wp-json\/wp\/v2\/comments?post=1490"}],"version-history":[{"count":17,"href":"https:\/\/ditetroncorporation.com\/index.php\/wp-json\/wp\/v2\/pages\/1490\/revisions"}],"predecessor-version":[{"id":2578,"href":"https:\/\/ditetroncorporation.com\/index.php\/wp-json\/wp\/v2\/pages\/1490\/revisions\/2578"}],"wp:attachment":[{"href":"https:\/\/ditetroncorporation.com\/index.php\/wp-json\/wp\/v2\/media?parent=1490"}],"curies":[{"name":"wp","href":"https:\/\/api.w.org\/{rel}","templated":true}]}}